{"id":1535,"date":"2024-01-16T14:07:46","date_gmt":"2024-01-16T14:07:46","guid":{"rendered":"https:\/\/5ktur.com\/giresun-gunubirlik-turlar\/"},"modified":"2025-05-13T07:20:58","modified_gmt":"2025-05-13T07:20:58","slug":"giresun-day-tours","status":"publish","type":"page","link":"https:\/\/5ktur.com\/en\/giresun-day-tours\/","title":{"rendered":"Giresun Day Tours"},"content":{"rendered":"<p><span style=\"font-weight: 400;\">Giresun daily tours, which are brought to the agenda for those who live in Giresun, one of the distinguished cities of the Black Sea, or those who want to come to this region for a holiday, are a type of activity that will take away all your stress and troubles, even for 24 hours. For example, Giresun Batumi tour will be a pleasant option for you and your loved ones after a daily planning process. Daily tours, which allow you to complete the places to be visited and seen during the day in one go, lay the most curious places for Giresun under your feet.<\/span><\/p>\n<p>&nbsp;<\/p>\n<p><span style=\"font-weight: 400;\">Considering the purpose of daily tours, the nuance that the main priority is comfort and entertainment should not be overlooked. From this point of view, Giresun daily tour with VIP vehicle or in other words Giresun daily tour with private vehicle is among the most popular topics among citizens. Giresun daily tours become more enjoyable thanks to the advantage of private vehicles, while at the same time offering the opportunity to see more places. For detailed information about Giresun daily tour prices, private vehicle opportunities and reservation procedures, you can contact our relevant team from the contact section.<\/span><\/p>\n<h2><span style=\"font-weight: 400;\">Giresun Day Trip Attractions<\/span><\/h2>\n<p><span style=\"font-weight: 400;\">Are the places to visit in Giresun end with counting? Frankly, we do not give any chance. But we can list the most prominent ones for you. Daily tours from Giresun, including the daily Ordu Giresun tour, vary according to the personal tastes and life views of travel enthusiasts. Below are the most popular addresses to visit in Giresun;<\/span><\/p>\n<p>&nbsp;<\/p>\n<ul>\n<li style=\"font-weight: 400;\" aria-level=\"1\"><span style=\"font-weight: 400;\">\u015eebinkarahisar Virgin Mary Monastery\u00a0<\/span><\/li>\n<li style=\"font-weight: 400;\" aria-level=\"1\"><span style=\"font-weight: 400;\">Giresun Castle\u00a0<\/span><\/li>\n<li style=\"font-weight: 400;\" aria-level=\"1\"><span style=\"font-weight: 400;\">K\u00fcmbet Plateau<\/span><\/li>\n<li style=\"font-weight: 400;\" aria-level=\"1\"><span style=\"font-weight: 400;\">Kurtalan Waterfall<\/span><\/li>\n<li style=\"font-weight: 400;\" aria-level=\"1\"><span style=\"font-weight: 400;\">Giresun Museum\u00a0<\/span><\/li>\n<li style=\"font-weight: 400;\" aria-level=\"1\"><span style=\"font-weight: 400;\">Zeytinlik Neighbourhood\u00a0<\/span><\/li>\n<li style=\"font-weight: 400;\" aria-level=\"1\"><span style=\"font-weight: 400;\">Kapu Mosque\u00a0<\/span><\/li>\n<li style=\"font-weight: 400;\" aria-level=\"1\"><span style=\"font-weight: 400;\">Giresun Island\u00a0<\/span><\/li>\n<li style=\"font-weight: 400;\" aria-level=\"1\"><span style=\"font-weight: 400;\">Kuzalan Waterfall\u00a0<\/span><\/li>\n<li style=\"font-weight: 400;\" aria-level=\"1\"><span style=\"font-weight: 400;\">Blue Lake\u00a0<\/span><\/li>\n<li style=\"font-weight: 400;\" aria-level=\"1\"><span style=\"font-weight: 400;\">Bektas Plateau<\/span><\/li>\n<li style=\"font-weight: 400;\" aria-level=\"1\"><span style=\"font-weight: 400;\">Fog Mountain Plateau<\/span><\/li>\n<li style=\"font-weight: 400;\" aria-level=\"1\"><span style=\"font-weight: 400;\">Tirebolu Castle\u00a0<\/span><\/li>\n<li style=\"font-weight: 400;\" aria-level=\"1\"><span style=\"font-weight: 400;\">Yenikoy Cave<\/span><\/li>\n<li style=\"font-weight: 400;\" aria-level=\"1\"><span style=\"font-weight: 400;\">Eynesil Castle<\/span><\/li>\n<li style=\"font-weight: 400;\" aria-level=\"1\"><span style=\"font-weight: 400;\">\u015eebinkarahisar Castle\u00a0<\/span><\/li>\n<li style=\"font-weight: 400;\" aria-level=\"1\"><span style=\"font-weight: 400;\">Aymac Recreation Area<\/span><\/li>\n<li style=\"font-weight: 400;\" aria-level=\"1\"><span style=\"font-weight: 400;\">National Garden<\/span><\/li>\n<li style=\"font-weight: 400;\" aria-level=\"1\"><span style=\"font-weight: 400;\">Bedrama Castle\u00a0<\/span><\/li>\n<li style=\"font-weight: 400;\" aria-level=\"1\"><span style=\"font-weight: 400;\">Bride Rock\u00a0<\/span><\/li>\n<li style=\"font-weight: 400;\" aria-level=\"1\"><span style=\"font-weight: 400;\">Agacbasi Nature Park<\/span><\/li>\n<li style=\"font-weight: 400;\" aria-level=\"1\"><span style=\"font-weight: 400;\">Karagol Mountain<\/span><\/li>\n<li style=\"font-weight: 400;\" aria-level=\"1\"><span style=\"font-weight: 400;\">Dereli Kuzalan Goksu Travertines<\/span><\/li>\n<li style=\"font-weight: 400;\" aria-level=\"1\"><span style=\"font-weight: 400;\">Seyyid Waqqas Tomb<\/span><\/li>\n<li style=\"font-weight: 400;\" aria-level=\"1\"><span style=\"font-weight: 400;\">Yedide\u011firmenler Nature Park\u00a0<\/span><\/li>\n<li style=\"font-weight: 400;\" aria-level=\"1\"><span style=\"font-weight: 400;\">Hill Hole Cave<\/span><\/li>\n<li style=\"font-weight: 400;\" aria-level=\"1\"><span style=\"font-weight: 400;\">Beaches in Giresun\u00a0<\/span><\/li>\n<\/ul>\n<h2><span style=\"font-weight: 400;\">Suggestions for Daily Tours Departing from Giresun<\/span><\/h2>\n<p><span style=\"font-weight: 400;\">The relevant organisations, which are preferred by people who want to spend a full day with daily tours departing from Giresun, provide a cultural accumulation while accumulating sweet memories. As the name suggests, daily tours departing from Giresun are tours planned within the relevant route starting from Giresun city. In this context, the Black Sea tour from Giresun is among the most popular tours. The alternatives you can choose are listed below;<\/span><\/p>\n<ul>\n<li style=\"font-weight: 400;\" aria-level=\"1\"><span style=\"font-weight: 400;\">Ayder tour,\u00a0<\/span><\/li>\n<li style=\"font-weight: 400;\" aria-level=\"1\"><span style=\"font-weight: 400;\">Uzungol tour,\u00a0\u00a0<\/span><\/li>\n<li style=\"font-weight: 400;\" aria-level=\"1\"><span style=\"font-weight: 400;\">Ulug\u00f6l tour,\u00a0<\/span><\/li>\n<li style=\"font-weight: 400;\" aria-level=\"1\"><span style=\"font-weight: 400;\">Blue Lake tour,\u00a0<\/span><\/li>\n<li style=\"font-weight: 400;\" aria-level=\"1\"><span style=\"font-weight: 400;\">Amasya tour,\u00a0<\/span><\/li>\n<li style=\"font-weight: 400;\" aria-level=\"1\"><span style=\"font-weight: 400;\">Samsun ferry tour,\u00a0<\/span><\/li>\n<li style=\"font-weight: 400;\" aria-level=\"1\"><span style=\"font-weight: 400;\">Huser Plateau tour,\u00a0<\/span><\/li>\n<li style=\"font-weight: 400;\" aria-level=\"1\"><span style=\"font-weight: 400;\">Pokut &amp; Sal Plateau tour,\u00a0<\/span><\/li>\n<li style=\"font-weight: 400;\" aria-level=\"1\"><span style=\"font-weight: 400;\">Gito &amp; Badara Plateau tour,\u00a0<\/span><\/li>\n<li style=\"font-weight: 400;\" aria-level=\"1\"><span style=\"font-weight: 400;\">Bor\u00e7ka karag\u00f6l tour,\u00a0<\/span><\/li>\n<li style=\"font-weight: 400;\" aria-level=\"1\"><span style=\"font-weight: 400;\">\u00c7amba\u015f\u0131 ski tour,\u00a0<\/span><\/li>\n<li style=\"font-weight: 400;\" aria-level=\"1\"><span style=\"font-weight: 400;\">Do not forget to contact us via the contact section for current tours.<\/span><\/li>\n<\/ul>\n<h2><span style=\"font-weight: 400;\">How to Plan Giresun Tours Daily?<\/span><\/h2>\n<p><span style=\"font-weight: 400;\">So how to plan Giresun tours for a day? The first thing you need to do is to take a pen, a piece of paper and a phone or PC. After this stage, determine the places you want to go the most from the list of places to see in Giresun. Determining as many alternatives as possible in the first place will play an important role in making a more accurate decision. Then continue the process by making eliminations until you have 3-5 options left. Contact Giresun tour companies about the alternatives you have left at the end and ask for information about the price and tour content.\u00a0<\/span><\/p>\n<p>&nbsp;<\/p>\n<p><span style=\"font-weight: 400;\">Another issue that you should keep in mind during the daily tour planning process is to do research about the routes of the tour you choose in advance. For example, if Giresun \u00c7anakkale tour or Giresun Batumi tour is desired to be done daily, possible free time should be evaluated by determining what kind of activities, natural beauties or souvenir shops are on these routes.<\/span><\/p>\n<h2><span style=\"font-weight: 400;\">Giresun Day Trip with Vip Car<\/span><\/h2>\n<p><span style=\"font-weight: 400;\">If I am going to have a one-day holiday, it should be in the most perfect way for those who say that Giresun daily tour with VIP vehicle or in other words, Giresun daily tour with vito vehicle increases the efficiency you will get from your day to the optimum level. With the service that takes you to all routes within the scope of the determined tour, you will not have to wait for a bus for hours or find a parking space for your personal vehicle and your only focus will be to enjoy the tour. For more comprehensive information about Vito vehicles, you can contact our relevant team from the contact section to get more comprehensive information about the price issue and the process of receiving service and you can eliminate your question marks about the subject.<\/span><\/p>\n<h2><span style=\"font-weight: 400;\">Giresun Daily Tour Prices<\/span><\/h2>\n<p><span style=\"font-weight: 400;\">Giresun daily tour prices, which vary according to factors such as the selected tour package, route, tour company, private car rental, are evaluated by travel enthusiasts within their budgets. From this point of view, Giresun daily tour prices by private car are mostly an advantageous choice when current petrol and gas prices are taken into consideration. Do not forget to make your holiday preparations in advance to enjoy a pleasant day after making reviews on daily Giresun tour prices.<\/span><\/p>\n","protected":false},"excerpt":{"rendered":"<p>Giresun daily tours, which are brought to the agenda for those who live in Giresun, one of the distinguished cities of the Black Sea, or those who want to come to this region for a holiday, are a type of activity that will take away all your stress and troubles, even for 24 hours. For [&hellip;]<\/p>\n","protected":false},"author":1,"featured_media":0,"parent":0,"menu_order":0,"comment_status":"closed","ping_status":"closed","template":"","meta":{"footnotes":""},"class_list":["post-1535","page","type-page","status-publish","hentry"],"yoast_head":"<!-- This site is optimized with the Yoast SEO plugin v27.1.1 - https:\/\/yoast.com\/product\/yoast-seo-wordpress\/ -->\n<title>Giresun Day Tours - 5K Tur<\/title>\n<meta name=\"description\" content=\"Discover Giresun with daily tours full of nature and culture. Perfect for a short getaway and unforgettable memories in just one day.\" \/>\n<meta name=\"robots\" content=\"index, follow, max-snippet:-1, max-image-preview:large, max-video-preview:-1\" \/>\n<link rel=\"canonical\" href=\"https:\/\/5ktur.com\/en\/giresun-day-tours\/\" \/>\n<meta property=\"og:locale\" content=\"en_US\" \/>\n<meta property=\"og:type\" content=\"article\" \/>\n<meta property=\"og:title\" content=\"Giresun Day Tours - 5K Tur\" \/>\n<meta property=\"og:description\" content=\"Discover Giresun with daily tours full of nature and culture. Perfect for a short getaway and unforgettable memories in just one day.\" \/>\n<meta property=\"og:url\" content=\"https:\/\/5ktur.com\/en\/giresun-day-tours\/\" \/>\n<meta property=\"og:site_name\" content=\"5K Tur\" \/>\n<meta property=\"article:modified_time\" content=\"2025-05-13T07:20:58+00:00\" \/>\n<meta name=\"twitter:card\" content=\"summary_large_image\" \/>\n<meta name=\"twitter:label1\" content=\"Est. reading time\" \/>\n\t<meta name=\"twitter:data1\" content=\"4 minutes\" \/>\n<script type=\"application\/ld+json\" class=\"yoast-schema-graph\">{\"@context\":\"https:\/\/schema.org\",\"@graph\":[{\"@type\":\"WebPage\",\"@id\":\"https:\/\/5ktur.com\/en\/giresun-day-tours\/\",\"url\":\"https:\/\/5ktur.com\/en\/giresun-day-tours\/\",\"name\":\"Giresun Day Tours - 5K Tur\",\"isPartOf\":{\"@id\":\"https:\/\/5ktur.com\/#website\"},\"datePublished\":\"2024-01-16T14:07:46+00:00\",\"dateModified\":\"2025-05-13T07:20:58+00:00\",\"description\":\"Discover Giresun with daily tours full of nature and culture. Perfect for a short getaway and unforgettable memories in just one day.\",\"breadcrumb\":{\"@id\":\"https:\/\/5ktur.com\/en\/giresun-day-tours\/#breadcrumb\"},\"inLanguage\":\"en-US\",\"potentialAction\":[{\"@type\":\"ReadAction\",\"target\":[\"https:\/\/5ktur.com\/en\/giresun-day-tours\/\"]}]},{\"@type\":\"BreadcrumbList\",\"@id\":\"https:\/\/5ktur.com\/en\/giresun-day-tours\/#breadcrumb\",\"itemListElement\":[{\"@type\":\"ListItem\",\"position\":1,\"name\":\"Anasayfa\",\"item\":\"https:\/\/5ktur.com\/\"},{\"@type\":\"ListItem\",\"position\":2,\"name\":\"Giresun Day Tours\"}]},{\"@type\":\"WebSite\",\"@id\":\"https:\/\/5ktur.com\/#website\",\"url\":\"https:\/\/5ktur.com\/\",\"name\":\"5K Tur\",\"description\":\"5K Tur\",\"potentialAction\":[{\"@type\":\"SearchAction\",\"target\":{\"@type\":\"EntryPoint\",\"urlTemplate\":\"https:\/\/5ktur.com\/?s={search_term_string}\"},\"query-input\":{\"@type\":\"PropertyValueSpecification\",\"valueRequired\":true,\"valueName\":\"search_term_string\"}}],\"inLanguage\":\"en-US\"}]}<\/script>\n<!-- \/ Yoast SEO plugin. -->","yoast_head_json":{"title":"Giresun Day Tours - 5K Tur","description":"Discover Giresun with daily tours full of nature and culture. Perfect for a short getaway and unforgettable memories in just one day.","robots":{"index":"index","follow":"follow","max-snippet":"max-snippet:-1","max-image-preview":"max-image-preview:large","max-video-preview":"max-video-preview:-1"},"canonical":"https:\/\/5ktur.com\/en\/giresun-day-tours\/","og_locale":"en_US","og_type":"article","og_title":"Giresun Day Tours - 5K Tur","og_description":"Discover Giresun with daily tours full of nature and culture. Perfect for a short getaway and unforgettable memories in just one day.","og_url":"https:\/\/5ktur.com\/en\/giresun-day-tours\/","og_site_name":"5K Tur","article_modified_time":"2025-05-13T07:20:58+00:00","twitter_card":"summary_large_image","twitter_misc":{"Est. reading time":"4 minutes"},"schema":{"@context":"https:\/\/schema.org","@graph":[{"@type":"WebPage","@id":"https:\/\/5ktur.com\/en\/giresun-day-tours\/","url":"https:\/\/5ktur.com\/en\/giresun-day-tours\/","name":"Giresun Day Tours - 5K Tur","isPartOf":{"@id":"https:\/\/5ktur.com\/#website"},"datePublished":"2024-01-16T14:07:46+00:00","dateModified":"2025-05-13T07:20:58+00:00","description":"Discover Giresun with daily tours full of nature and culture. Perfect for a short getaway and unforgettable memories in just one day.","breadcrumb":{"@id":"https:\/\/5ktur.com\/en\/giresun-day-tours\/#breadcrumb"},"inLanguage":"en-US","potentialAction":[{"@type":"ReadAction","target":["https:\/\/5ktur.com\/en\/giresun-day-tours\/"]}]},{"@type":"BreadcrumbList","@id":"https:\/\/5ktur.com\/en\/giresun-day-tours\/#breadcrumb","itemListElement":[{"@type":"ListItem","position":1,"name":"Anasayfa","item":"https:\/\/5ktur.com\/"},{"@type":"ListItem","position":2,"name":"Giresun Day Tours"}]},{"@type":"WebSite","@id":"https:\/\/5ktur.com\/#website","url":"https:\/\/5ktur.com\/","name":"5K Tur","description":"5K Tur","potentialAction":[{"@type":"SearchAction","target":{"@type":"EntryPoint","urlTemplate":"https:\/\/5ktur.com\/?s={search_term_string}"},"query-input":{"@type":"PropertyValueSpecification","valueRequired":true,"valueName":"search_term_string"}}],"inLanguage":"en-US"}]}},"_links":{"self":[{"href":"https:\/\/5ktur.com\/en\/wp-json\/wp\/v2\/pages\/1535","targetHints":{"allow":["GET"]}}],"collection":[{"href":"https:\/\/5ktur.com\/en\/wp-json\/wp\/v2\/pages"}],"about":[{"href":"https:\/\/5ktur.com\/en\/wp-json\/wp\/v2\/types\/page"}],"author":[{"embeddable":true,"href":"https:\/\/5ktur.com\/en\/wp-json\/wp\/v2\/users\/1"}],"replies":[{"embeddable":true,"href":"https:\/\/5ktur.com\/en\/wp-json\/wp\/v2\/comments?post=1535"}],"version-history":[{"count":2,"href":"https:\/\/5ktur.com\/en\/wp-json\/wp\/v2\/pages\/1535\/revisions"}],"predecessor-version":[{"id":1959,"href":"https:\/\/5ktur.com\/en\/wp-json\/wp\/v2\/pages\/1535\/revisions\/1959"}],"wp:attachment":[{"href":"https:\/\/5ktur.com\/en\/wp-json\/wp\/v2\/media?parent=1535"}],"curies":[{"name":"wp","href":"https:\/\/api.w.org\/{rel}","templated":true}]}}