{"id":1542,"date":"2024-01-16T14:08:15","date_gmt":"2024-01-16T14:08:15","guid":{"rendered":"https:\/\/5ktur.com\/artvin-gunubirlik-turlar\/"},"modified":"2024-11-12T00:38:34","modified_gmt":"2024-11-12T00:38:34","slug":"artvin-daily-tours","status":"publish","type":"page","link":"https:\/\/5ktur.com\/en\/artvin-daily-tours\/","title":{"rendered":"Artvin Daily Tours"},"content":{"rendered":"<p><span style=\"font-weight: 400;\">Artvin, one of the first cities that comes to mind when it comes to the Black Sea, is in a priority position in the list of nature lovers. Whether it is a holiday planning that will last for weeks, months or an organisation that will fit in 24 hours within the scope of Artvin daily tours&#8230; In any case, the city of Artvin, which promises dozens of alternatives, invites you to its borders.<\/span><\/p>\n<p><span style=\"font-weight: 400;\">\u00a0<\/span><\/p>\n<p><span style=\"font-weight: 400;\">Artvin daily tours with a private vehicle that comes to the agenda within the scope of daily tours, as the name suggests, is the possibility of a private vehicle specially allocated to individuals or groups whose service period includes one day. You can review other titles below to get more detailed information about the Artvin daily tour option with VIP vehicle, which turns into an unmissable opportunity when the Artvin tour is planned daily, daily tour suggestions, how to plan a daily tour, Artvin daily tour prices.<\/span><\/p>\n<h2><span style=\"font-weight: 400;\">Places to Visit for a Day in Artvin<\/span><\/h2>\n<p><span style=\"font-weight: 400;\">Citizens who want to make a daily tour of Artvin examine the points to be seen in the city. From here, it starts the planning process by determining the addresses they want to go on a daily Artvin tour. We are sure that the city of Artvin, which contains many alternatives from natural beauties to historical buildings and sports activities, will fascinate you. Below, the popular points are discussed and the places to visit in Artvin are mixed.<\/span><\/p>\n<p><span style=\"font-weight: 400;\">\u00a0<\/span><\/p>\n<ul>\n<li style=\"font-weight: 400;\" aria-level=\"1\"><span style=\"font-weight: 400;\">\u015eav\u015fat Karag\u00f6l<\/span><\/li>\n<li style=\"font-weight: 400;\" aria-level=\"1\"><span style=\"font-weight: 400;\">Fish Lake<\/span><\/li>\n<li style=\"font-weight: 400;\" aria-level=\"1\"><span style=\"font-weight: 400;\">Men\u00e7una Waterfall<\/span><\/li>\n<li style=\"font-weight: 400;\" aria-level=\"1\"><span style=\"font-weight: 400;\">Arsiyan Plateau Lakes Region<\/span><\/li>\n<li style=\"font-weight: 400;\" aria-level=\"1\"><span style=\"font-weight: 400;\">Hopa Culture House and Museum<\/span><\/li>\n<li style=\"font-weight: 400;\" aria-level=\"1\"><span style=\"font-weight: 400;\">Cehennem Deresi Canyon<\/span><\/li>\n<li style=\"font-weight: 400;\" aria-level=\"1\"><span style=\"font-weight: 400;\">Macahel<\/span><\/li>\n<li style=\"font-weight: 400;\" aria-level=\"1\"><span style=\"font-weight: 400;\">Hatila Valley National Park<\/span><\/li>\n<li style=\"font-weight: 400;\" aria-level=\"1\"><span style=\"font-weight: 400;\">Camili Village Mosque<\/span><\/li>\n<li style=\"font-weight: 400;\" aria-level=\"1\"><span style=\"font-weight: 400;\">Maral Waterfall<\/span><\/li>\n<li style=\"font-weight: 400;\" aria-level=\"1\"><span style=\"font-weight: 400;\">Coruh River<\/span><\/li>\n<li style=\"font-weight: 400;\" aria-level=\"1\"><span style=\"font-weight: 400;\">Bor\u00e7ka Karag\u00f6l Nature Park<\/span><\/li>\n<li style=\"font-weight: 400;\" aria-level=\"1\"><span style=\"font-weight: 400;\">\u00c7iftk\u00f6pr\u00fc<\/span><\/li>\n<li style=\"font-weight: 400;\" aria-level=\"1\"><span style=\"font-weight: 400;\">Artvin Glass Terrace<\/span><\/li>\n<li style=\"font-weight: 400;\" aria-level=\"1\"><span style=\"font-weight: 400;\">Double Bridge<\/span><\/li>\n<li style=\"font-weight: 400;\" aria-level=\"1\"><span style=\"font-weight: 400;\">Camili Gorgit Nature Reserve<\/span><\/li>\n<li style=\"font-weight: 400;\" aria-level=\"1\"><span style=\"font-weight: 400;\">Men\u00e7una Waterfall<\/span><\/li>\n<li style=\"font-weight: 400;\" aria-level=\"1\"><span style=\"font-weight: 400;\">Ridge Plateau<\/span><\/li>\n<li style=\"font-weight: 400;\" aria-level=\"1\"><span style=\"font-weight: 400;\">Atatepe<\/span><\/li>\n<li style=\"font-weight: 400;\" aria-level=\"1\"><span style=\"font-weight: 400;\">Delikkaya Waterfall<\/span><\/li>\n<li style=\"font-weight: 400;\" aria-level=\"1\"><span style=\"font-weight: 400;\">Kemalpasa<\/span><\/li>\n<li style=\"font-weight: 400;\" aria-level=\"1\"><span style=\"font-weight: 400;\">Glass Terrace<\/span><\/li>\n<li style=\"font-weight: 400;\" aria-level=\"1\"><span style=\"font-weight: 400;\">Atabari Ski Centre<\/span><\/li>\n<li style=\"font-weight: 400;\" aria-level=\"1\"><span style=\"font-weight: 400;\">Maden Village<\/span><\/li>\n<li style=\"font-weight: 400;\" aria-level=\"1\"><span style=\"font-weight: 400;\">Delikkaya<\/span><\/li>\n<li style=\"font-weight: 400;\" aria-level=\"1\"><span style=\"font-weight: 400;\">Double Bridge<\/span><\/li>\n<li style=\"font-weight: 400;\" aria-level=\"1\"><span style=\"font-weight: 400;\">Monastery of the Four Churches<\/span><\/li>\n<li style=\"font-weight: 400;\" aria-level=\"1\"><span style=\"font-weight: 400;\">Shavshat<\/span><\/li>\n<li style=\"font-weight: 400;\" aria-level=\"1\"><span style=\"font-weight: 400;\">Ka\u00e7kar Mountains<\/span><\/li>\n<li style=\"font-weight: 400;\" aria-level=\"1\"><span style=\"font-weight: 400;\">Kamilet Valley<\/span><\/li>\n<\/ul>\n<h2><span style=\"font-weight: 400;\">Daily Tour Suggestions from Artvin<\/span><\/h2>\n<p><span style=\"font-weight: 400;\">As the name suggests, daily tours departing from Artvin indicate that the departure point is Artvin. Before listing suggestions about daily tours departing from Artvin, please note that there are daily ski tours, museums, water sports alternatives such as rafting-canoeing in the city. Because where the related activities are located will guide your planning in tour selections. Sample tours are listed below. For more alternatives and up-to-date tour information specific to 5Ktur, do not forget to contact our relevant team from the contact section.<\/span><\/p>\n<p><span style=\"font-weight: 400;\">\u00a0<\/span><\/p>\n<ul>\n<li style=\"font-weight: 400;\" aria-level=\"1\"><span style=\"font-weight: 400;\">Artvin batumi tour,<\/span><\/li>\n<li style=\"font-weight: 400;\" aria-level=\"1\"><span style=\"font-weight: 400;\">Artvin centre tour,<\/span><\/li>\n<li style=\"font-weight: 400;\" aria-level=\"1\"><span style=\"font-weight: 400;\">Ardanu\u00e7 \u015eav\u015fat tour,<\/span><\/li>\n<li style=\"font-weight: 400;\" aria-level=\"1\"><span style=\"font-weight: 400;\">Bor\u00e7a Karag\u00f6l Macahel tour,<\/span><\/li>\n<li style=\"font-weight: 400;\" aria-level=\"1\"><span style=\"font-weight: 400;\">Arhavi Men\u015funa Waterfall tour<\/span><\/li>\n<li style=\"font-weight: 400;\" aria-level=\"1\"><span style=\"font-weight: 400;\">Double Bridge tour<\/span><\/li>\n<\/ul>\n<h2><span style=\"font-weight: 400;\">How to Plan Daily Tours to Artvin?<\/span><\/h2>\n<p><span style=\"font-weight: 400;\">One of the most important issues within the framework of daily tours is the planning process. Because a good planning process will allow you to get maximum efficiency from the organisation that will last 24 hours. So what kind of order should be followed in the planning phase? First of all, websites providing information about the places to be seen in Artvin should be examined.\u00a0<\/span><\/p>\n<p>&nbsp;<\/p>\n<p><span style=\"font-weight: 400;\">Subsequently, about 10 places noted aside should be discussed in more detail. Activities, natural beauties, historical and artistic opportunities should be put on the table. Then, if desired, research should be done to get guidance service in line with Artvin tours. Finally, if you do not want to go through troubles such as waiting for the bus during the tour process, the obligation to act jointly with the groups, and the search for a parking space for your personal vehicle, make an agreement with the companies that provide services in Artvin tours by private car and enable you to see more places during the day.<\/span><\/p>\n<h2><span style=\"font-weight: 400;\">Artvin Daily Tour with Vip Car<\/span><\/h2>\n<p><span style=\"font-weight: 400;\">While Artvin daily tours with Vip vehicle allow you to see more places during the day, it also includes advantages such as comfort during the journey, feeling of private space, private driver satisfaction. The concept of private vehicle, which is very popular within the scope of daily tours, is an indispensable opportunity to relieve the stress of weeks, months of work and school. The drivers who take you from the planned address and take you to the addresses you want in the time periods you want reserve those days specially for you.<\/span><\/p>\n<p>&nbsp;<\/p>\n<h2><span style=\"font-weight: 400;\">Artvin Daily Tour Prices<\/span><\/h2>\n<p><span style=\"font-weight: 400;\">Artvin daily tour prices vary according to various factors. The biggest factor determining this price range is which regions the tour covers. In addition, parameters such as the tour company&#8217;s service quality, experience, technological facilities of its vehicles also affect the price range. You can contact our expert team from the contact section to get more detailed information about Artvin tour prices, Artvin tour with VIP vehicle, instalment facilities and to make a reservation.<\/span><\/p>\n","protected":false},"excerpt":{"rendered":"<p>Artvin, one of the first cities that comes to mind when it comes to the Black Sea, is in a priority position in the list of nature lovers. Whether it is a holiday planning that will last for weeks, months or an organisation that will fit in 24 hours within the scope of Artvin daily [&hellip;]<\/p>\n","protected":false},"author":1,"featured_media":0,"parent":0,"menu_order":0,"comment_status":"closed","ping_status":"closed","template":"","meta":{"footnotes":""},"class_list":["post-1542","page","type-page","status-publish","hentry"],"yoast_head":"<!-- This site is optimized with the Yoast SEO plugin v27.1.1 - https:\/\/yoast.com\/product\/yoast-seo-wordpress\/ -->\n<title>Artvin Daily Tours - 5K Tur<\/title>\n<meta name=\"description\" content=\"You can contact us for Artvin Daily tours with personalized tour options and VIP vehicles and start an unforgettable holiday!\" \/>\n<meta name=\"robots\" content=\"index, follow, max-snippet:-1, max-image-preview:large, max-video-preview:-1\" \/>\n<link rel=\"canonical\" href=\"https:\/\/5ktur.com\/artvin-gunubirlik-turlar\/\" \/>\n<meta property=\"og:locale\" content=\"en_US\" \/>\n<meta property=\"og:type\" content=\"article\" \/>\n<meta property=\"og:title\" content=\"Artvin Daily Tours - 5K Tur\" \/>\n<meta property=\"og:description\" content=\"You can contact us for Artvin Daily tours with personalized tour options and VIP vehicles and start an unforgettable holiday!\" \/>\n<meta property=\"og:url\" content=\"https:\/\/5ktur.com\/artvin-gunubirlik-turlar\/\" \/>\n<meta property=\"og:site_name\" content=\"5K Tur\" \/>\n<meta property=\"article:modified_time\" content=\"2024-11-12T00:38:34+00:00\" \/>\n<meta name=\"twitter:card\" content=\"summary_large_image\" \/>\n<meta name=\"twitter:label1\" content=\"Est. reading time\" \/>\n\t<meta name=\"twitter:data1\" content=\"4 minutes\" \/>\n<script type=\"application\/ld+json\" class=\"yoast-schema-graph\">{\"@context\":\"https:\/\/schema.org\",\"@graph\":[{\"@type\":\"WebPage\",\"@id\":\"https:\/\/5ktur.com\/artvin-gunubirlik-turlar\/\",\"url\":\"https:\/\/5ktur.com\/artvin-gunubirlik-turlar\/\",\"name\":\"Artvin Daily Tours - 5K Tur\",\"isPartOf\":{\"@id\":\"https:\/\/5ktur.com\/#website\"},\"datePublished\":\"2024-01-16T14:08:15+00:00\",\"dateModified\":\"2024-11-12T00:38:34+00:00\",\"description\":\"You can contact us for Artvin Daily tours with personalized tour options and VIP vehicles and start an unforgettable holiday!\",\"breadcrumb\":{\"@id\":\"https:\/\/5ktur.com\/artvin-gunubirlik-turlar\/#breadcrumb\"},\"inLanguage\":\"en-US\",\"potentialAction\":[{\"@type\":\"ReadAction\",\"target\":[\"https:\/\/5ktur.com\/artvin-gunubirlik-turlar\/\"]}]},{\"@type\":\"BreadcrumbList\",\"@id\":\"https:\/\/5ktur.com\/artvin-gunubirlik-turlar\/#breadcrumb\",\"itemListElement\":[{\"@type\":\"ListItem\",\"position\":1,\"name\":\"Anasayfa\",\"item\":\"https:\/\/5ktur.com\/\"},{\"@type\":\"ListItem\",\"position\":2,\"name\":\"Artvin Daily Tours\"}]},{\"@type\":\"WebSite\",\"@id\":\"https:\/\/5ktur.com\/#website\",\"url\":\"https:\/\/5ktur.com\/\",\"name\":\"5K Tur\",\"description\":\"5K Tur\",\"potentialAction\":[{\"@type\":\"SearchAction\",\"target\":{\"@type\":\"EntryPoint\",\"urlTemplate\":\"https:\/\/5ktur.com\/?s={search_term_string}\"},\"query-input\":{\"@type\":\"PropertyValueSpecification\",\"valueRequired\":true,\"valueName\":\"search_term_string\"}}],\"inLanguage\":\"en-US\"}]}<\/script>\n<!-- \/ Yoast SEO plugin. -->","yoast_head_json":{"title":"Artvin Daily Tours - 5K Tur","description":"You can contact us for Artvin Daily tours with personalized tour options and VIP vehicles and start an unforgettable holiday!","robots":{"index":"index","follow":"follow","max-snippet":"max-snippet:-1","max-image-preview":"max-image-preview:large","max-video-preview":"max-video-preview:-1"},"canonical":"https:\/\/5ktur.com\/artvin-gunubirlik-turlar\/","og_locale":"en_US","og_type":"article","og_title":"Artvin Daily Tours - 5K Tur","og_description":"You can contact us for Artvin Daily tours with personalized tour options and VIP vehicles and start an unforgettable holiday!","og_url":"https:\/\/5ktur.com\/artvin-gunubirlik-turlar\/","og_site_name":"5K Tur","article_modified_time":"2024-11-12T00:38:34+00:00","twitter_card":"summary_large_image","twitter_misc":{"Est. reading time":"4 minutes"},"schema":{"@context":"https:\/\/schema.org","@graph":[{"@type":"WebPage","@id":"https:\/\/5ktur.com\/artvin-gunubirlik-turlar\/","url":"https:\/\/5ktur.com\/artvin-gunubirlik-turlar\/","name":"Artvin Daily Tours - 5K Tur","isPartOf":{"@id":"https:\/\/5ktur.com\/#website"},"datePublished":"2024-01-16T14:08:15+00:00","dateModified":"2024-11-12T00:38:34+00:00","description":"You can contact us for Artvin Daily tours with personalized tour options and VIP vehicles and start an unforgettable holiday!","breadcrumb":{"@id":"https:\/\/5ktur.com\/artvin-gunubirlik-turlar\/#breadcrumb"},"inLanguage":"en-US","potentialAction":[{"@type":"ReadAction","target":["https:\/\/5ktur.com\/artvin-gunubirlik-turlar\/"]}]},{"@type":"BreadcrumbList","@id":"https:\/\/5ktur.com\/artvin-gunubirlik-turlar\/#breadcrumb","itemListElement":[{"@type":"ListItem","position":1,"name":"Anasayfa","item":"https:\/\/5ktur.com\/"},{"@type":"ListItem","position":2,"name":"Artvin Daily Tours"}]},{"@type":"WebSite","@id":"https:\/\/5ktur.com\/#website","url":"https:\/\/5ktur.com\/","name":"5K Tur","description":"5K Tur","potentialAction":[{"@type":"SearchAction","target":{"@type":"EntryPoint","urlTemplate":"https:\/\/5ktur.com\/?s={search_term_string}"},"query-input":{"@type":"PropertyValueSpecification","valueRequired":true,"valueName":"search_term_string"}}],"inLanguage":"en-US"}]}},"_links":{"self":[{"href":"https:\/\/5ktur.com\/en\/wp-json\/wp\/v2\/pages\/1542","targetHints":{"allow":["GET"]}}],"collection":[{"href":"https:\/\/5ktur.com\/en\/wp-json\/wp\/v2\/pages"}],"about":[{"href":"https:\/\/5ktur.com\/en\/wp-json\/wp\/v2\/types\/page"}],"author":[{"embeddable":true,"href":"https:\/\/5ktur.com\/en\/wp-json\/wp\/v2\/users\/1"}],"replies":[{"embeddable":true,"href":"https:\/\/5ktur.com\/en\/wp-json\/wp\/v2\/comments?post=1542"}],"version-history":[{"count":1,"href":"https:\/\/5ktur.com\/en\/wp-json\/wp\/v2\/pages\/1542\/revisions"}],"predecessor-version":[{"id":1543,"href":"https:\/\/5ktur.com\/en\/wp-json\/wp\/v2\/pages\/1542\/revisions\/1543"}],"wp:attachment":[{"href":"https:\/\/5ktur.com\/en\/wp-json\/wp\/v2\/media?parent=1542"}],"curies":[{"name":"wp","href":"https:\/\/api.w.org\/{rel}","templated":true}]}}