{"id":1544,"date":"2024-01-16T11:52:59","date_gmt":"2024-01-16T11:52:59","guid":{"rendered":"https:\/\/5ktur.com\/trabzon-gunubirlik-turlar\/"},"modified":"2024-11-12T00:39:55","modified_gmt":"2024-11-12T00:39:55","slug":"trabzon-daily-sightseeing-places","status":"publish","type":"page","link":"https:\/\/5ktur.com\/en\/trabzon-daily-sightseeing-places\/","title":{"rendered":"Trabzon Daily Sightseeing Places"},"content":{"rendered":"\t\t<div data-elementor-type=\"wp-page\" data-elementor-id=\"1544\" class=\"elementor elementor-1544 elementor-1076\" data-elementor-post-type=\"page\">\n\t\t\t\t\t\t<section class=\"elementor-section elementor-top-section elementor-element elementor-element-ecb65a2 elementor-section-boxed elementor-section-height-default elementor-section-height-default\" data-id=\"ecb65a2\" data-element_type=\"section\">\n\t\t\t\t\t\t<div class=\"elementor-container elementor-column-gap-default\">\n\t\t\t\t\t<div class=\"elementor-column elementor-col-100 elementor-top-column elementor-element elementor-element-860a8d0\" data-id=\"860a8d0\" data-element_type=\"column\">\n\t\t\t<div class=\"elementor-widget-wrap elementor-element-populated\">\n\t\t\t\t\t\t<div class=\"elementor-element elementor-element-78079d6 elementor-widget elementor-widget-babe-all-items\" data-id=\"78079d6\" data-element_type=\"widget\" data-widget_type=\"babe-all-items.default\">\n\t\t\t\t<div class=\"elementor-widget-container\">\n\t\t\t\t\t\r\n         <div class=\"babe_shortcode_block sc_all_items \">\r\n            <div class=\"babe_shortcode_block_bg_inner\">\r\n               <div class=\"babe_shortcode_block_inner\">\r\n                  \r\n               <\/div>\r\n            <\/div>\r\n         <\/div>\r\n      \t\t\t\t<\/div>\n\t\t\t\t<\/div>\n\t\t\t\t\t<\/div>\n\t\t<\/div>\n\t\t\t\t\t<\/div>\n\t\t<\/section>\n\t\t\t\t<section class=\"elementor-section elementor-top-section elementor-element elementor-element-13d3b073 elementor-section-boxed elementor-section-height-default elementor-section-height-default\" data-id=\"13d3b073\" data-element_type=\"section\">\n\t\t\t\t\t\t<div class=\"elementor-container elementor-column-gap-default\">\n\t\t\t\t\t<div class=\"elementor-column elementor-col-100 elementor-top-column elementor-element elementor-element-7b8517e8\" data-id=\"7b8517e8\" data-element_type=\"column\">\n\t\t\t<div class=\"elementor-widget-wrap elementor-element-populated\">\n\t\t\t\t\t\t<div class=\"elementor-element elementor-element-7e79adc7 elementor-widget elementor-widget-text-editor\" data-id=\"7e79adc7\" data-element_type=\"widget\" data-widget_type=\"text-editor.default\">\n\t\t\t\t<div class=\"elementor-widget-container\">\n\t\t\t\t\t\t\t\t\t<p><span style=\"font-weight: 400;\">Those who live in Trabzon or those who will come here for business, travel, school trips, etc. People who will come here for reasons such as business, travel, school trips, etc. are doing research on places to visit in Trabzon for a day. Citizens who make a decision according to their personal tastes among dozens of alternatives enjoy a pleasant day after making the necessary preparations. Below are the most famous places to visit in Trabzon;<\/span><\/p>\n<p>\u00a0<\/p>\n<ul>\n<li style=\"font-weight: 400;\" aria-level=\"1\"><span style=\"font-weight: 400;\">Hagia Sophia Museum\u00a0<\/span><\/li>\n<li style=\"font-weight: 400;\" aria-level=\"1\"><span style=\"font-weight: 400;\">Kayabasi Nature Park<\/span><\/li>\n<li style=\"font-weight: 400;\" aria-level=\"1\"><span style=\"font-weight: 400;\">Ataturk Pavilion\u00a0<\/span><\/li>\n<li style=\"font-weight: 400;\" aria-level=\"1\"><span style=\"font-weight: 400;\">Historical Coppersmith Bazaar<\/span><\/li>\n<li style=\"font-weight: 400;\" aria-level=\"1\"><span style=\"font-weight: 400;\">Sumela Monastery\u00a0<\/span><\/li>\n<li style=\"font-weight: 400;\" aria-level=\"1\"><span style=\"font-weight: 400;\">Vazelon Monastery\u00a0<\/span><\/li>\n<li style=\"font-weight: 400;\" aria-level=\"1\"><span style=\"font-weight: 400;\">Hamsikoy\u00a0<\/span><\/li>\n<li style=\"font-weight: 400;\" aria-level=\"1\"><span style=\"font-weight: 400;\">\u00c7al Cave\u00a0<\/span><\/li>\n<li style=\"font-weight: 400;\" aria-level=\"1\"><span style=\"font-weight: 400;\">Trabzon Museum (Kostaki Mansion)\u00a0<\/span><\/li>\n<li style=\"font-weight: 400;\" aria-level=\"1\"><span style=\"font-weight: 400;\">Trabzon Castle\u00a0<\/span><\/li>\n<li style=\"font-weight: 400;\" aria-level=\"1\"><span style=\"font-weight: 400;\">Uzungol Karester Plateau\u00a0<\/span><\/li>\n<li style=\"font-weight: 400;\" aria-level=\"1\"><span style=\"font-weight: 400;\">\u015eahinkaya\u00a0<\/span><\/li>\n<li style=\"font-weight: 400;\" aria-level=\"1\"><span style=\"font-weight: 400;\">Ortamahalle\u00a0<\/span><\/li>\n<li style=\"font-weight: 400;\" aria-level=\"1\"><span style=\"font-weight: 400;\">Hidirnebi Plateau\u00a0<\/span><\/li>\n<li style=\"font-weight: 400;\" aria-level=\"1\"><span style=\"font-weight: 400;\">Nayino Chalet\u00a0<\/span><\/li>\n<\/ul>\n<p>\u00a0<\/p>\n<h2><span style=\"font-weight: 400;\">Daily Tour Suggestions from Trabzon<\/span><\/h2>\n<p><span style=\"font-weight: 400;\">Daily tours Trabzon or in other words Trabzon daily tours are within the scope of pleasant organisations that are sometimes preferred due to economic conditions and sometimes due to time constraints. Among the daily tours from Trabzon, which are preferred by people who spend one day to relax mentally, Trabzon daily plateau tours, which reset the tiredness of the memories with its clean air, Trabzon daily plateau tours, Pokut tour from Trabzon, which includes Pokut Plateau in Rize, Batumi tour Trabzon to see the natural and historical beauties of Georgia closely, Ordu Trabzon, one of the ancient cities of the Black Sea, is among the first alternatives. Other alternatives you may prefer are listed below;<\/span><\/p>\n<ul>\n<li style=\"font-weight: 400;\" aria-level=\"1\"><span style=\"font-weight: 400;\">Ayder Tour,\u00a0<\/span><\/li>\n<li style=\"font-weight: 400;\" aria-level=\"1\"><span style=\"font-weight: 400;\">Gito Plateau Tour,\u00a0<\/span><\/li>\n<li style=\"font-weight: 400;\" aria-level=\"1\"><span style=\"font-weight: 400;\">Trabzon City Tour,\u00a0<\/span><\/li>\n<li style=\"font-weight: 400;\" aria-level=\"1\"><span style=\"font-weight: 400;\">Sultan Murat Plateau Tour,\u00a0<\/span><\/li>\n<li style=\"font-weight: 400;\" aria-level=\"1\"><span style=\"font-weight: 400;\">Uzungol Tour,\u00a0<\/span><\/li>\n<li style=\"font-weight: 400;\" aria-level=\"1\"><span style=\"font-weight: 400;\">Fog Mountain Be\u015fikd\u00fcz\u00fc Cable Car Tour,\u00a0<\/span><\/li>\n<li style=\"font-weight: 400;\" aria-level=\"1\"><span style=\"font-weight: 400;\">Elevit Fork Tour,\u00a0<\/span><\/li>\n<li style=\"font-weight: 400;\" aria-level=\"1\"><span style=\"font-weight: 400;\">Haldizen Tour,\u00a0<\/span><\/li>\n<li style=\"font-weight: 400;\" aria-level=\"1\"><span style=\"font-weight: 400;\">Bor\u00e7ka Black Lake Tour,\u00a0<\/span><\/li>\n<li style=\"font-weight: 400;\" aria-level=\"1\"><span style=\"font-weight: 400;\">Blue Lagoon Tour,<\/span><\/li>\n<li style=\"font-weight: 400;\" aria-level=\"1\"><span style=\"font-weight: 400;\">Huser Tour,\u00a0<\/span><\/li>\n<li style=\"font-weight: 400;\" aria-level=\"1\"><span style=\"font-weight: 400;\">Sumela Monastery Tour,\u00a0<\/span><\/li>\n<li style=\"font-weight: 400;\" aria-level=\"1\"><span style=\"font-weight: 400;\">Zigana Ski Tour,\u00a0<\/span><\/li>\n<li style=\"font-weight: 400;\" aria-level=\"1\"><span style=\"font-weight: 400;\">Checheva Tour,\u00a0<\/span><\/li>\n<li style=\"font-weight: 400;\" aria-level=\"1\"><span style=\"font-weight: 400;\">Hidirnebi Plateau Tour,\u00a0<\/span><\/li>\n<li style=\"font-weight: 400;\" aria-level=\"1\"><span style=\"font-weight: 400;\">Bayburt Baks\u0131 Museum Tour,\u00a0<\/span><\/li>\n<li style=\"font-weight: 400;\" aria-level=\"1\"><span style=\"font-weight: 400;\">Thursday Plateau Tour,\u00a0<\/span><\/li>\n<li style=\"font-weight: 400;\" aria-level=\"1\"><span style=\"font-weight: 400;\">Rize City Tour,\u00a0<\/span><\/li>\n<\/ul>\n<h2><span style=\"font-weight: 400;\">Trabzon Tours Daily Planning Process<\/span><\/h2>\n<p><span style=\"font-weight: 400;\">When you want to make Trabzon tours daily, a detailed planning process will create more predictable possibilities for you and you will be able to shape your angle of action by predicting where and how much you will spend. So what should be considered when planning Trabzon day tours? Let&#8217;s briefly touch on this issue;<\/span><\/p>\n<p>\u00a0<\/p>\n<ul>\n<li style=\"font-weight: 400;\" aria-level=\"1\"><span style=\"font-weight: 400;\">First of all, you need to do is to get your hands on political maps of Turkey and Trabzon. In this way, if you come from outside the city, you can at least have an idea of where and what is there, in which range the distances are, and if necessary, you can learn the distances via the internet.<\/span><\/li>\n<li style=\"font-weight: 400;\" aria-level=\"1\"><span style=\"font-weight: 400;\">After this stage, you should decide how you want to spend your day: Clarify whether this trip will be focused on historical sites, natural beauties or more activities.<\/span><\/li>\n<li style=\"font-weight: 400;\" aria-level=\"1\"><span style=\"font-weight: 400;\">If you have made your choice in terms of category, you can now start to examine the alternatives offered in the relevant category.<\/span><\/li>\n<li style=\"font-weight: 400;\" aria-level=\"1\"><span style=\"font-weight: 400;\">Do not narrow the circle immediately, identify at least 10 addresses you may want to go to. Keeping plenty of alternatives will allow you to have information about more places.<\/span><\/li>\n<li style=\"font-weight: 400;\" aria-level=\"1\"><span style=\"font-weight: 400;\">Afterwards, take a note of the places you say I must go and examine them in more detail.<\/span><\/li>\n<li style=\"font-weight: 400;\" aria-level=\"1\"><span style=\"font-weight: 400;\">After your final examinations, agree with a formation that provides Trabzon daily tour service with a vito vehicle within the places you want to go.<\/span><\/li>\n<li style=\"font-weight: 400;\" aria-level=\"1\"><span style=\"font-weight: 400;\">After deciding on the day of the trip, you can now slowly prepare yourself for the atmosphere of that day.<\/span><\/li>\n<li style=\"font-weight: 400;\" aria-level=\"1\"><span style=\"font-weight: 400;\">Let us remind you without forgetting; If you have tours with accommodation from Trabzon in mind, do not forget to include accommodation addresses in this planning process.\u00a0<\/span><\/li>\n<\/ul>\n<p>\u00a0<\/p>\n<h2><span style=\"font-weight: 400;\">Trabzon Day Tour with Private Car<\/span><\/h2>\n<p><span style=\"font-weight: 400;\">Users who want to realise Trabzon daily tour by private car want to get information about the service in question. Vito vehicles, which come to the agenda when you want to spend time with your loved ones in a more comfortable way, correspond to a passenger capacity of 8 people.\u00a0<\/span><\/p>\n<p>\u00a0<\/p>\n<p><span style=\"font-weight: 400;\">Vehicles with a space for two people in front and six people in the back are among the alternatives for core groups. In this context, be sure to inquire about whether the formation you want to receive service from has all the relevant legal official documents on passenger transport and ask them to show it in person. In addition, examine how experienced the drivers are and the health conditions of the vehicles in terms of hygiene. Afterwards, discuss the price issue with the formation you have chosen among Trabzon tour companies and try to meet at a common point. After the agreement is completed, you are ready to travel for daily tours departing from Trabzon.<\/span><\/p>\n<h2><span style=\"font-weight: 400;\">Trabzon Daily Tour Prices\u00a0<\/span><\/h2>\n<p><span style=\"font-weight: 400;\">Trabzon daily tour prices vary according to various parameters. From this point of view, factors such as the routes to be travelled, the selected calendar day, seasons, the agreed tour company will cause fluctuations in the price range. For example, there will be a natural difference between Trabzon uzung\u00f6l daily tour prices and daily ayder tour Trabzon. If you are among those who want to make daily tours to Trabzon and to get more detailed information about the process, you can contact our expert team from the contact section and get information about Trabzon sightseeing tours daily option. We wish you a pleasant day in advance, stay in peace &#8230;<\/span><\/p>\t\t\t\t\t\t\t\t<\/div>\n\t\t\t\t<\/div>\n\t\t\t\t\t<\/div>\n\t\t<\/div>\n\t\t\t\t\t<\/div>\n\t\t<\/section>\n\t\t\t\t<\/div>\n\t\t","protected":false},"excerpt":{"rendered":"<p>Those who live in Trabzon or those who will come here for business, travel, school trips, etc. People who will come here for reasons such as business, travel, school trips, etc. are doing research on places to visit in Trabzon for a day. Citizens who make a decision according to their personal tastes among dozens [&hellip;]<\/p>\n","protected":false},"author":1,"featured_media":0,"parent":0,"menu_order":0,"comment_status":"closed","ping_status":"closed","template":"","meta":{"footnotes":""},"class_list":["post-1544","page","type-page","status-publish","hentry"],"yoast_head":"<!-- This site is optimized with the Yoast SEO plugin v27.1.1 - https:\/\/yoast.com\/product\/yoast-seo-wordpress\/ -->\n<title>Trabzon Daily Sightseeing Places - 5K Tur<\/title>\n<meta name=\"description\" content=\"Have a pleasant day with Trabzon daily tours. Click to have a pleasant time accompanied by VIP vehicles with private driver!\" \/>\n<meta name=\"robots\" content=\"index, follow, max-snippet:-1, max-image-preview:large, max-video-preview:-1\" \/>\n<link rel=\"canonical\" href=\"https:\/\/5ktur.com\/trabzon-gunubirlik-turlar\/\" \/>\n<meta property=\"og:locale\" content=\"en_US\" \/>\n<meta property=\"og:type\" content=\"article\" \/>\n<meta property=\"og:title\" content=\"Trabzon Daily Sightseeing Places - 5K Tur\" \/>\n<meta property=\"og:description\" content=\"Have a pleasant day with Trabzon daily tours. Click to have a pleasant time accompanied by VIP vehicles with private driver!\" \/>\n<meta property=\"og:url\" content=\"https:\/\/5ktur.com\/trabzon-gunubirlik-turlar\/\" \/>\n<meta property=\"og:site_name\" content=\"5K Tur\" \/>\n<meta property=\"article:modified_time\" content=\"2024-11-12T00:39:55+00:00\" \/>\n<meta name=\"twitter:card\" content=\"summary_large_image\" \/>\n<meta name=\"twitter:label1\" content=\"Est. reading time\" \/>\n\t<meta name=\"twitter:data1\" content=\"4 minutes\" \/>\n<script type=\"application\/ld+json\" class=\"yoast-schema-graph\">{\"@context\":\"https:\/\/schema.org\",\"@graph\":[{\"@type\":\"WebPage\",\"@id\":\"https:\/\/5ktur.com\/trabzon-gunubirlik-turlar\/\",\"url\":\"https:\/\/5ktur.com\/trabzon-gunubirlik-turlar\/\",\"name\":\"Trabzon Daily Sightseeing Places - 5K Tur\",\"isPartOf\":{\"@id\":\"https:\/\/5ktur.com\/#website\"},\"datePublished\":\"2024-01-16T11:52:59+00:00\",\"dateModified\":\"2024-11-12T00:39:55+00:00\",\"description\":\"Have a pleasant day with Trabzon daily tours. Click to have a pleasant time accompanied by VIP vehicles with private driver!\",\"breadcrumb\":{\"@id\":\"https:\/\/5ktur.com\/trabzon-gunubirlik-turlar\/#breadcrumb\"},\"inLanguage\":\"en-US\",\"potentialAction\":[{\"@type\":\"ReadAction\",\"target\":[\"https:\/\/5ktur.com\/trabzon-gunubirlik-turlar\/\"]}]},{\"@type\":\"BreadcrumbList\",\"@id\":\"https:\/\/5ktur.com\/trabzon-gunubirlik-turlar\/#breadcrumb\",\"itemListElement\":[{\"@type\":\"ListItem\",\"position\":1,\"name\":\"Anasayfa\",\"item\":\"https:\/\/5ktur.com\/\"},{\"@type\":\"ListItem\",\"position\":2,\"name\":\"Trabzon Daily Sightseeing Places\"}]},{\"@type\":\"WebSite\",\"@id\":\"https:\/\/5ktur.com\/#website\",\"url\":\"https:\/\/5ktur.com\/\",\"name\":\"5K Tur\",\"description\":\"5K Tur\",\"potentialAction\":[{\"@type\":\"SearchAction\",\"target\":{\"@type\":\"EntryPoint\",\"urlTemplate\":\"https:\/\/5ktur.com\/?s={search_term_string}\"},\"query-input\":{\"@type\":\"PropertyValueSpecification\",\"valueRequired\":true,\"valueName\":\"search_term_string\"}}],\"inLanguage\":\"en-US\"}]}<\/script>\n<!-- \/ Yoast SEO plugin. -->","yoast_head_json":{"title":"Trabzon Daily Sightseeing Places - 5K Tur","description":"Have a pleasant day with Trabzon daily tours. Click to have a pleasant time accompanied by VIP vehicles with private driver!","robots":{"index":"index","follow":"follow","max-snippet":"max-snippet:-1","max-image-preview":"max-image-preview:large","max-video-preview":"max-video-preview:-1"},"canonical":"https:\/\/5ktur.com\/trabzon-gunubirlik-turlar\/","og_locale":"en_US","og_type":"article","og_title":"Trabzon Daily Sightseeing Places - 5K Tur","og_description":"Have a pleasant day with Trabzon daily tours. Click to have a pleasant time accompanied by VIP vehicles with private driver!","og_url":"https:\/\/5ktur.com\/trabzon-gunubirlik-turlar\/","og_site_name":"5K Tur","article_modified_time":"2024-11-12T00:39:55+00:00","twitter_card":"summary_large_image","twitter_misc":{"Est. reading time":"4 minutes"},"schema":{"@context":"https:\/\/schema.org","@graph":[{"@type":"WebPage","@id":"https:\/\/5ktur.com\/trabzon-gunubirlik-turlar\/","url":"https:\/\/5ktur.com\/trabzon-gunubirlik-turlar\/","name":"Trabzon Daily Sightseeing Places - 5K Tur","isPartOf":{"@id":"https:\/\/5ktur.com\/#website"},"datePublished":"2024-01-16T11:52:59+00:00","dateModified":"2024-11-12T00:39:55+00:00","description":"Have a pleasant day with Trabzon daily tours. Click to have a pleasant time accompanied by VIP vehicles with private driver!","breadcrumb":{"@id":"https:\/\/5ktur.com\/trabzon-gunubirlik-turlar\/#breadcrumb"},"inLanguage":"en-US","potentialAction":[{"@type":"ReadAction","target":["https:\/\/5ktur.com\/trabzon-gunubirlik-turlar\/"]}]},{"@type":"BreadcrumbList","@id":"https:\/\/5ktur.com\/trabzon-gunubirlik-turlar\/#breadcrumb","itemListElement":[{"@type":"ListItem","position":1,"name":"Anasayfa","item":"https:\/\/5ktur.com\/"},{"@type":"ListItem","position":2,"name":"Trabzon Daily Sightseeing Places"}]},{"@type":"WebSite","@id":"https:\/\/5ktur.com\/#website","url":"https:\/\/5ktur.com\/","name":"5K Tur","description":"5K Tur","potentialAction":[{"@type":"SearchAction","target":{"@type":"EntryPoint","urlTemplate":"https:\/\/5ktur.com\/?s={search_term_string}"},"query-input":{"@type":"PropertyValueSpecification","valueRequired":true,"valueName":"search_term_string"}}],"inLanguage":"en-US"}]}},"_links":{"self":[{"href":"https:\/\/5ktur.com\/en\/wp-json\/wp\/v2\/pages\/1544","targetHints":{"allow":["GET"]}}],"collection":[{"href":"https:\/\/5ktur.com\/en\/wp-json\/wp\/v2\/pages"}],"about":[{"href":"https:\/\/5ktur.com\/en\/wp-json\/wp\/v2\/types\/page"}],"author":[{"embeddable":true,"href":"https:\/\/5ktur.com\/en\/wp-json\/wp\/v2\/users\/1"}],"replies":[{"embeddable":true,"href":"https:\/\/5ktur.com\/en\/wp-json\/wp\/v2\/comments?post=1544"}],"version-history":[{"count":4,"href":"https:\/\/5ktur.com\/en\/wp-json\/wp\/v2\/pages\/1544\/revisions"}],"predecessor-version":[{"id":1548,"href":"https:\/\/5ktur.com\/en\/wp-json\/wp\/v2\/pages\/1544\/revisions\/1548"}],"wp:attachment":[{"href":"https:\/\/5ktur.com\/en\/wp-json\/wp\/v2\/media?parent=1544"}],"curies":[{"name":"wp","href":"https:\/\/api.w.org\/{rel}","templated":true}]}}