{"id":1705,"date":"2022-12-19T02:31:07","date_gmt":"2022-12-19T02:31:07","guid":{"rendered":"https:\/\/5ktur.com\/galeri\/"},"modified":"2026-04-03T01:25:17","modified_gmt":"2026-04-03T01:25:17","slug":"gallery","status":"publish","type":"page","link":"https:\/\/5ktur.com\/en\/gallery\/","title":{"rendered":"Gallery"},"content":{"rendered":"\t\t<div data-elementor-type=\"wp-page\" data-elementor-id=\"1705\" class=\"elementor elementor-1705 elementor-32\" data-elementor-post-type=\"page\">\n\t\t\t\t\t\t<section class=\"elementor-section elementor-top-section elementor-element elementor-element-fd202d3 elementor-section-boxed elementor-section-height-default elementor-section-height-default\" data-id=\"fd202d3\" data-element_type=\"section\" data-settings=\"{&quot;background_background&quot;:&quot;slideshow&quot;,&quot;background_slideshow_gallery&quot;:[{&quot;id&quot;:177,&quot;url&quot;:&quot;https:\\\/\\\/gaviaspreview.com\\\/wp\\\/gowilds\\\/wp-content\\\/uploads\\\/2023\\\/01\\\/breadcrumb-01.jpg&quot;},{&quot;id&quot;:178,&quot;url&quot;:&quot;https:\\\/\\\/gaviaspreview.com\\\/wp\\\/gowilds\\\/wp-content\\\/uploads\\\/2023\\\/01\\\/breadcrumb-02.jpg&quot;}],&quot;background_slideshow_ken_burns&quot;:&quot;yes&quot;,&quot;background_slideshow_loop&quot;:&quot;yes&quot;,&quot;background_slideshow_slide_duration&quot;:5000,&quot;background_slideshow_slide_transition&quot;:&quot;fade&quot;,&quot;background_slideshow_transition_duration&quot;:500,&quot;background_slideshow_ken_burns_zoom_direction&quot;:&quot;in&quot;}\">\n\t\t\t\t\t\t<div class=\"elementor-container elementor-column-gap-default\">\n\t\t\t\t\t<div class=\"elementor-column elementor-col-100 elementor-top-column elementor-element elementor-element-ba7dad5\" data-id=\"ba7dad5\" data-element_type=\"column\">\n\t\t\t<div class=\"elementor-widget-wrap elementor-element-populated\">\n\t\t\t\t\t\t<div class=\"elementor-element elementor-element-fab46f7 elementor-widget elementor-widget-gva-heading-block\" data-id=\"fab46f7\" data-element_type=\"widget\" data-widget_type=\"gva-heading-block.default\">\n\t\t\t\t<div class=\"elementor-widget-container\">\n\t\t\t\t\t<div class=\"gva-element-gva-heading-block gva-element\">   <div class=\"align-left style-1 widget gsc-heading box-align-left auto-responsive\">\r\n      <div class=\"content-inner\">\r\n         \r\n                  \r\n           \r\n         \r\n                     <h1 class=\"title\">\r\n               <span>Galeri<\/span>\r\n            <\/h1>\r\n                  \r\n                     <div class=\"title-desc\">Gezilecek Yerler<\/div>\r\n         \r\n         \r\n      <\/div>\r\n   <\/div>\r\n<\/div>\t\t\t\t<\/div>\n\t\t\t\t<\/div>\n\t\t\t\t\t<\/div>\n\t\t<\/div>\n\t\t\t\t\t<\/div>\n\t\t<\/section>\n\t\t\t\t<section class=\"elementor-section elementor-top-section elementor-element elementor-element-86f2921 elementor-section-boxed elementor-section-height-default elementor-section-height-default\" data-id=\"86f2921\" data-element_type=\"section\">\n\t\t\t\t\t\t<div class=\"elementor-container elementor-column-gap-default\">\n\t\t\t\t\t<div class=\"elementor-column elementor-col-100 elementor-top-column elementor-element elementor-element-5b19db5\" data-id=\"5b19db5\" data-element_type=\"column\">\n\t\t\t<div class=\"elementor-widget-wrap elementor-element-populated\">\n\t\t\t\t\t\t<div class=\"elementor-element elementor-element-a60bfef elementor-widget elementor-widget-gva-gallery\" data-id=\"a60bfef\" data-element_type=\"widget\" data-widget_type=\"gva-gallery.default\">\n\t\t\t\t<div class=\"elementor-widget-container\">\n\t\t\t\t\t<div class=\"gva-element-gva-gallery gva-element\">  \r\n<div class=\"gva-gallery-grid clearfix \">\r\n\t<div class=\"gva-content-items\"> \r\n\t  \t<div class=\"lg-block-grid-3 md-block-grid-3 sm-block-grid-2 xs-block-grid-2 xx-block-grid-1\">\r\n\t\t \t<div class=\"item\"><div class=\"gallery-one__single\"><div class=\"gallery-one__image\"><img decoding=\"async\" src=\"https:\/\/5ktur.com\/wp-content\/uploads\/2023\/07\/gurcistan-batum-turu-600x540.jpg\" alt=\"Batum\" \/><\/div><a class=\"gallery-one__photo photo-gallery\" href=\"https:\/\/5ktur.com\/wp-content\/uploads\/2023\/07\/gurcistan-batum-turu.jpg\" data-elementor-lightbox-slideshow=\"gallery-hig6\"><\/a><div class=\"gallery-one__content\"><div class=\"gallery-one__content-inner\"><span class=\"gallery-one__icon\"><i class=\"fas fa-plus\"><\/i><\/span><h3 class=\"gallery-one__title\">Batum<\/h3><div class=\"gallery-one__sub-title\">G\u00fcrcistan<\/div><\/div><\/div><\/div><\/div><div class=\"item\"><div class=\"gallery-one__single\"><div class=\"gallery-one__image\"><img decoding=\"async\" src=\"https:\/\/5ktur.com\/wp-content\/uploads\/2023\/01\/trabzon-uzungol-turu-600x540.jpg\" alt=\"Uzung\u00f6l\" \/><\/div><a class=\"gallery-one__photo photo-gallery\" href=\"https:\/\/5ktur.com\/wp-content\/uploads\/2023\/01\/trabzon-uzungol-turu.jpg\" data-elementor-lightbox-slideshow=\"gallery-hig6\"><\/a><div class=\"gallery-one__content\"><div class=\"gallery-one__content-inner\"><span class=\"gallery-one__icon\"><i class=\"fas fa-plus\"><\/i><\/span><h3 class=\"gallery-one__title\">Uzung\u00f6l<\/h3><div class=\"gallery-one__sub-title\">Trabzon<\/div><\/div><\/div><\/div><\/div><div class=\"item\"><div class=\"gallery-one__single\"><div class=\"gallery-one__image\"><img decoding=\"async\" src=\"https:\/\/5ktur.com\/wp-content\/uploads\/2023\/02\/rize-ayder-yaylasi-600x540.jpg\" alt=\"Ayder Yaylas\u0131\" \/><\/div><a class=\"gallery-one__photo photo-gallery\" href=\"https:\/\/5ktur.com\/wp-content\/uploads\/2023\/02\/rize-ayder-yaylasi.jpg\" data-elementor-lightbox-slideshow=\"gallery-hig6\"><\/a><div class=\"gallery-one__content\"><div class=\"gallery-one__content-inner\"><span class=\"gallery-one__icon\"><i class=\"fas fa-plus\"><\/i><\/span><h3 class=\"gallery-one__title\">Ayder Yaylas\u0131<\/h3><div class=\"gallery-one__sub-title\">Rize<\/div><\/div><\/div><\/div><\/div><div class=\"item\"><div class=\"gallery-one__single\"><div class=\"gallery-one__image\"><img decoding=\"async\" src=\"https:\/\/5ktur.com\/wp-content\/uploads\/2023\/07\/trabzon-gezilecek-yerler-600x540.jpg\" alt=\"S\u00fcmela Manast\u0131r\u0131\" \/><\/div><a class=\"gallery-one__photo photo-gallery\" href=\"https:\/\/5ktur.com\/wp-content\/uploads\/2023\/07\/trabzon-gezilecek-yerler.jpg\" data-elementor-lightbox-slideshow=\"gallery-hig6\"><\/a><div class=\"gallery-one__content\"><div class=\"gallery-one__content-inner\"><span class=\"gallery-one__icon\"><i class=\"fas fa-plus\"><\/i><\/span><h3 class=\"gallery-one__title\">S\u00fcmela Manast\u0131r\u0131<\/h3><div class=\"gallery-one__sub-title\">Trabzon<\/div><\/div><\/div><\/div><\/div><div class=\"item\"><div class=\"gallery-one__single\"><div class=\"gallery-one__image\"><img decoding=\"async\" src=\"https:\/\/5ktur.com\/wp-content\/uploads\/2023\/02\/rize-zil-kalesi-600x540.jpg\" alt=\"Zil Kalesi\" \/><\/div><a class=\"gallery-one__photo photo-gallery\" href=\"https:\/\/5ktur.com\/wp-content\/uploads\/2023\/02\/rize-zil-kalesi.jpg\" data-elementor-lightbox-slideshow=\"gallery-hig6\"><\/a><div class=\"gallery-one__content\"><div class=\"gallery-one__content-inner\"><span class=\"gallery-one__icon\"><i class=\"fas fa-plus\"><\/i><\/span><h3 class=\"gallery-one__title\">Zil Kalesi<\/h3><div class=\"gallery-one__sub-title\">Rize<\/div><\/div><\/div><\/div><\/div><div class=\"item\"><div class=\"gallery-one__single\"><div class=\"gallery-one__image\"><img decoding=\"async\" src=\"https:\/\/5ktur.com\/wp-content\/uploads\/2023\/02\/giresun-mavi-gol-tur-600x540.jpg\" alt=\"Mavi G\u00f6l\" \/><\/div><a class=\"gallery-one__photo photo-gallery\" href=\"https:\/\/5ktur.com\/wp-content\/uploads\/2023\/02\/giresun-mavi-gol-tur.jpg\" data-elementor-lightbox-slideshow=\"gallery-hig6\"><\/a><div class=\"gallery-one__content\"><div class=\"gallery-one__content-inner\"><span class=\"gallery-one__icon\"><i class=\"fas fa-plus\"><\/i><\/span><h3 class=\"gallery-one__title\">Mavi G\u00f6l<\/h3><div class=\"gallery-one__sub-title\">Giresun<\/div><\/div><\/div><\/div><\/div><div class=\"item\"><div class=\"gallery-one__single\"><div class=\"gallery-one__image\"><img decoding=\"async\" src=\"https:\/\/5ktur.com\/wp-content\/uploads\/2023\/02\/borcka-karagol-artvin-600x540.jpg\" alt=\"Bor\u00e7ka Karag\u00f6l\" \/><\/div><a class=\"gallery-one__photo photo-gallery\" href=\"https:\/\/5ktur.com\/wp-content\/uploads\/2023\/02\/borcka-karagol-artvin.jpg\" data-elementor-lightbox-slideshow=\"gallery-hig6\"><\/a><div class=\"gallery-one__content\"><div class=\"gallery-one__content-inner\"><span class=\"gallery-one__icon\"><i class=\"fas fa-plus\"><\/i><\/span><h3 class=\"gallery-one__title\">Bor\u00e7ka Karag\u00f6l<\/h3><div class=\"gallery-one__sub-title\">Artvin<\/div><\/div><\/div><\/div><\/div><div class=\"item\"><div class=\"gallery-one__single\"><div class=\"gallery-one__image\"><img decoding=\"async\" src=\"https:\/\/5ktur.com\/wp-content\/uploads\/2023\/02\/rize-gito-yaylasi-tur-600x540.jpg\" alt=\"Gito Yaylas\u0131\" \/><\/div><a class=\"gallery-one__photo photo-gallery\" href=\"https:\/\/5ktur.com\/wp-content\/uploads\/2023\/02\/rize-gito-yaylasi-tur.jpg\" data-elementor-lightbox-slideshow=\"gallery-hig6\"><\/a><div class=\"gallery-one__content\"><div class=\"gallery-one__content-inner\"><span class=\"gallery-one__icon\"><i class=\"fas fa-plus\"><\/i><\/span><h3 class=\"gallery-one__title\">Gito Yaylas\u0131<\/h3><div class=\"gallery-one__sub-title\">Rize<\/div><\/div><\/div><\/div><\/div><div class=\"item\"><div class=\"gallery-one__single\"><div class=\"gallery-one__image\"><img decoding=\"async\" src=\"https:\/\/5ktur.com\/wp-content\/uploads\/2023\/02\/rize-huser-sis-yaylasi-600x540.jpg\" alt=\"Huser Sis Yaylas\u0131\" \/><\/div><a class=\"gallery-one__photo photo-gallery\" href=\"https:\/\/5ktur.com\/wp-content\/uploads\/2023\/02\/rize-huser-sis-yaylasi.jpg\" data-elementor-lightbox-slideshow=\"gallery-hig6\"><\/a><div class=\"gallery-one__content\"><div class=\"gallery-one__content-inner\"><span class=\"gallery-one__icon\"><i class=\"fas fa-plus\"><\/i><\/span><h3 class=\"gallery-one__title\">Huser Sis Yaylas\u0131<\/h3><div class=\"gallery-one__sub-title\">Rize<\/div><\/div><\/div><\/div><\/div><div class=\"item\"><div class=\"gallery-one__single\"><div class=\"gallery-one__image\"><img decoding=\"async\" src=\"https:\/\/5ktur.com\/wp-content\/uploads\/2023\/01\/rize-pokut-sal-yaylasi-600x540.jpg\" alt=\"Pokut Yaylas\u0131\" \/><\/div><a class=\"gallery-one__photo photo-gallery\" href=\"https:\/\/5ktur.com\/wp-content\/uploads\/2023\/01\/rize-pokut-sal-yaylasi.jpg\" data-elementor-lightbox-slideshow=\"gallery-hig6\"><\/a><div class=\"gallery-one__content\"><div class=\"gallery-one__content-inner\"><span class=\"gallery-one__icon\"><i class=\"fas fa-plus\"><\/i><\/span><h3 class=\"gallery-one__title\">Pokut Yaylas\u0131<\/h3><div class=\"gallery-one__sub-title\">Rize<\/div><\/div><\/div><\/div><\/div><div class=\"item\"><div class=\"gallery-one__single\"><div class=\"gallery-one__image\"><img decoding=\"async\" src=\"https:\/\/5ktur.com\/wp-content\/uploads\/2023\/01\/sera-golu-trabzon-600x540.jpg\" alt=\"Sera G\u00f6l\u00fc\" \/><\/div><a class=\"gallery-one__photo photo-gallery\" href=\"https:\/\/5ktur.com\/wp-content\/uploads\/2023\/01\/sera-golu-trabzon.jpg\" data-elementor-lightbox-slideshow=\"gallery-hig6\"><\/a><div class=\"gallery-one__content\"><div class=\"gallery-one__content-inner\"><span class=\"gallery-one__icon\"><i class=\"fas fa-plus\"><\/i><\/span><h3 class=\"gallery-one__title\">Sera G\u00f6l\u00fc<\/h3><div class=\"gallery-one__sub-title\">Trabzon<\/div><\/div><\/div><\/div><\/div><div class=\"item\"><div class=\"gallery-one__single\"><div class=\"gallery-one__image\"><img decoding=\"async\" src=\"https:\/\/5ktur.com\/wp-content\/uploads\/2023\/01\/ataturk-kosku-trabzon-jpg-600x405.jpg\" alt=\"Atat\u00fcrk K\u00f6\u015fk\u00fc\" \/><\/div><a class=\"gallery-one__photo photo-gallery\" href=\"https:\/\/5ktur.com\/wp-content\/uploads\/2023\/01\/ataturk-kosku-trabzon-jpg.jpg\" data-elementor-lightbox-slideshow=\"gallery-hig6\"><\/a><div class=\"gallery-one__content\"><div class=\"gallery-one__content-inner\"><span class=\"gallery-one__icon\"><i class=\"fas fa-plus\"><\/i><\/span><h3 class=\"gallery-one__title\">Atat\u00fcrk K\u00f6\u015fk\u00fc<\/h3><div class=\"gallery-one__sub-title\">Trabzon<\/div><\/div><\/div><\/div><\/div><div class=\"item\"><div class=\"gallery-one__single\"><div class=\"gallery-one__image\"><img decoding=\"async\" src=\"https:\/\/5ktur.com\/wp-content\/uploads\/2023\/01\/karaca-magarasi-trabzon-2.jpg\" alt=\"Karaca Ma\u011faras\u0131\" \/><\/div><a class=\"gallery-one__photo photo-gallery\" href=\"https:\/\/5ktur.com\/wp-content\/uploads\/2023\/01\/karaca-magarasi-trabzon-2.jpg\" data-elementor-lightbox-slideshow=\"gallery-hig6\"><\/a><div class=\"gallery-one__content\"><div class=\"gallery-one__content-inner\"><span class=\"gallery-one__icon\"><i class=\"fas fa-plus\"><\/i><\/span><h3 class=\"gallery-one__title\">Karaca Ma\u011faras\u0131<\/h3><div class=\"gallery-one__sub-title\">Trabzon<\/div><\/div><\/div><\/div><\/div>\t  \t<\/div>\r\n\t<\/div>\r\n<\/div>\r\n<\/div>\t\t\t\t<\/div>\n\t\t\t\t<\/div>\n\t\t\t\t\t<\/div>\n\t\t<\/div>\n\t\t\t\t\t<\/div>\n\t\t<\/section>\n\t\t\t\t<\/div>\n\t\t","protected":false},"excerpt":{"rendered":"<p>Galeri Gezilecek Yerler Batum G\u00fcrcistan Uzung\u00f6l Trabzon Ayder Yaylas\u0131 Rize S\u00fcmela Manast\u0131r\u0131 Trabzon Zil Kalesi Rize Mavi G\u00f6l Giresun Bor\u00e7ka Karag\u00f6l Artvin Gito Yaylas\u0131 Rize Huser Sis Yaylas\u0131 Rize Pokut Yaylas\u0131 Rize Sera G\u00f6l\u00fc Trabzon Atat\u00fcrk K\u00f6\u015fk\u00fc Trabzon Karaca Ma\u011faras\u0131 Trabzon<\/p>\n","protected":false},"author":1,"featured_media":0,"parent":0,"menu_order":0,"comment_status":"closed","ping_status":"closed","template":"elementor_header_footer","meta":{"footnotes":""},"class_list":["post-1705","page","type-page","status-publish","hentry"],"yoast_head":"<!-- This site is optimized with the Yoast SEO plugin v27.1.1 - https:\/\/yoast.com\/product\/yoast-seo-wordpress\/ -->\n<title>Gallery Gallery - 5K Tur<\/title>\n<meta name=\"robots\" content=\"index, follow, max-snippet:-1, max-image-preview:large, max-video-preview:-1\" \/>\n<link rel=\"canonical\" href=\"https:\/\/5ktur.com\/en\/gallery\/\" \/>\n<meta property=\"og:locale\" content=\"en_US\" \/>\n<meta property=\"og:type\" content=\"article\" \/>\n<meta property=\"og:title\" content=\"Gallery Gallery - 5K Tur\" \/>\n<meta property=\"og:description\" content=\"Galeri Gezilecek Yerler Batum G\u00fcrcistan Uzung\u00f6l Trabzon Ayder Yaylas\u0131 Rize S\u00fcmela Manast\u0131r\u0131 Trabzon Zil Kalesi Rize Mavi G\u00f6l Giresun Bor\u00e7ka Karag\u00f6l Artvin Gito Yaylas\u0131 Rize Huser Sis Yaylas\u0131 Rize Pokut Yaylas\u0131 Rize Sera G\u00f6l\u00fc Trabzon Atat\u00fcrk K\u00f6\u015fk\u00fc Trabzon Karaca Ma\u011faras\u0131 Trabzon\" \/>\n<meta property=\"og:url\" content=\"https:\/\/5ktur.com\/en\/gallery\/\" \/>\n<meta property=\"og:site_name\" content=\"5K Tur\" \/>\n<meta property=\"article:modified_time\" content=\"2026-04-03T01:25:17+00:00\" \/>\n<meta property=\"og:image\" content=\"https:\/\/5ktur.com\/wp-content\/uploads\/2023\/07\/gurcistan-batum-turu-600x540.jpg\" \/>\n<meta name=\"twitter:card\" content=\"summary_large_image\" \/>\n<meta name=\"twitter:label1\" content=\"Est. reading time\" \/>\n\t<meta name=\"twitter:data1\" content=\"3 minutes\" \/>\n<script type=\"application\/ld+json\" class=\"yoast-schema-graph\">{\"@context\":\"https:\/\/schema.org\",\"@graph\":[{\"@type\":\"WebPage\",\"@id\":\"https:\/\/5ktur.com\/en\/gallery\/\",\"url\":\"https:\/\/5ktur.com\/en\/gallery\/\",\"name\":\"Gallery Gallery - 5K Tur\",\"isPartOf\":{\"@id\":\"https:\/\/5ktur.com\/#website\"},\"primaryImageOfPage\":{\"@id\":\"https:\/\/5ktur.com\/en\/gallery\/#primaryimage\"},\"image\":{\"@id\":\"https:\/\/5ktur.com\/en\/gallery\/#primaryimage\"},\"thumbnailUrl\":\"https:\/\/5ktur.com\/wp-content\/uploads\/2023\/07\/gurcistan-batum-turu-600x540.jpg\",\"datePublished\":\"2022-12-19T02:31:07+00:00\",\"dateModified\":\"2026-04-03T01:25:17+00:00\",\"breadcrumb\":{\"@id\":\"https:\/\/5ktur.com\/en\/gallery\/#breadcrumb\"},\"inLanguage\":\"en-US\",\"potentialAction\":[{\"@type\":\"ReadAction\",\"target\":[\"https:\/\/5ktur.com\/en\/gallery\/\"]}]},{\"@type\":\"ImageObject\",\"inLanguage\":\"en-US\",\"@id\":\"https:\/\/5ktur.com\/en\/gallery\/#primaryimage\",\"url\":\"https:\/\/5ktur.com\/wp-content\/uploads\/2023\/07\/gurcistan-batum-turu-600x540.jpg\",\"contentUrl\":\"https:\/\/5ktur.com\/wp-content\/uploads\/2023\/07\/gurcistan-batum-turu-600x540.jpg\"},{\"@type\":\"BreadcrumbList\",\"@id\":\"https:\/\/5ktur.com\/en\/gallery\/#breadcrumb\",\"itemListElement\":[{\"@type\":\"ListItem\",\"position\":1,\"name\":\"Anasayfa\",\"item\":\"https:\/\/5ktur.com\/\"},{\"@type\":\"ListItem\",\"position\":2,\"name\":\"Gallery\"}]},{\"@type\":\"WebSite\",\"@id\":\"https:\/\/5ktur.com\/#website\",\"url\":\"https:\/\/5ktur.com\/\",\"name\":\"5K Tur\",\"description\":\"5K Tur\",\"potentialAction\":[{\"@type\":\"SearchAction\",\"target\":{\"@type\":\"EntryPoint\",\"urlTemplate\":\"https:\/\/5ktur.com\/?s={search_term_string}\"},\"query-input\":{\"@type\":\"PropertyValueSpecification\",\"valueRequired\":true,\"valueName\":\"search_term_string\"}}],\"inLanguage\":\"en-US\"}]}<\/script>\n<!-- \/ Yoast SEO plugin. -->","yoast_head_json":{"title":"Gallery Gallery - 5K Tur","robots":{"index":"index","follow":"follow","max-snippet":"max-snippet:-1","max-image-preview":"max-image-preview:large","max-video-preview":"max-video-preview:-1"},"canonical":"https:\/\/5ktur.com\/en\/gallery\/","og_locale":"en_US","og_type":"article","og_title":"Gallery Gallery - 5K Tur","og_description":"Galeri Gezilecek Yerler Batum G\u00fcrcistan Uzung\u00f6l Trabzon Ayder Yaylas\u0131 Rize S\u00fcmela Manast\u0131r\u0131 Trabzon Zil Kalesi Rize Mavi G\u00f6l Giresun Bor\u00e7ka Karag\u00f6l Artvin Gito Yaylas\u0131 Rize Huser Sis Yaylas\u0131 Rize Pokut Yaylas\u0131 Rize Sera G\u00f6l\u00fc Trabzon Atat\u00fcrk K\u00f6\u015fk\u00fc Trabzon Karaca Ma\u011faras\u0131 Trabzon","og_url":"https:\/\/5ktur.com\/en\/gallery\/","og_site_name":"5K Tur","article_modified_time":"2026-04-03T01:25:17+00:00","og_image":[{"url":"https:\/\/5ktur.com\/wp-content\/uploads\/2023\/07\/gurcistan-batum-turu-600x540.jpg","type":"","width":"","height":""}],"twitter_card":"summary_large_image","twitter_misc":{"Est. reading time":"3 minutes"},"schema":{"@context":"https:\/\/schema.org","@graph":[{"@type":"WebPage","@id":"https:\/\/5ktur.com\/en\/gallery\/","url":"https:\/\/5ktur.com\/en\/gallery\/","name":"Gallery Gallery - 5K Tur","isPartOf":{"@id":"https:\/\/5ktur.com\/#website"},"primaryImageOfPage":{"@id":"https:\/\/5ktur.com\/en\/gallery\/#primaryimage"},"image":{"@id":"https:\/\/5ktur.com\/en\/gallery\/#primaryimage"},"thumbnailUrl":"https:\/\/5ktur.com\/wp-content\/uploads\/2023\/07\/gurcistan-batum-turu-600x540.jpg","datePublished":"2022-12-19T02:31:07+00:00","dateModified":"2026-04-03T01:25:17+00:00","breadcrumb":{"@id":"https:\/\/5ktur.com\/en\/gallery\/#breadcrumb"},"inLanguage":"en-US","potentialAction":[{"@type":"ReadAction","target":["https:\/\/5ktur.com\/en\/gallery\/"]}]},{"@type":"ImageObject","inLanguage":"en-US","@id":"https:\/\/5ktur.com\/en\/gallery\/#primaryimage","url":"https:\/\/5ktur.com\/wp-content\/uploads\/2023\/07\/gurcistan-batum-turu-600x540.jpg","contentUrl":"https:\/\/5ktur.com\/wp-content\/uploads\/2023\/07\/gurcistan-batum-turu-600x540.jpg"},{"@type":"BreadcrumbList","@id":"https:\/\/5ktur.com\/en\/gallery\/#breadcrumb","itemListElement":[{"@type":"ListItem","position":1,"name":"Anasayfa","item":"https:\/\/5ktur.com\/"},{"@type":"ListItem","position":2,"name":"Gallery"}]},{"@type":"WebSite","@id":"https:\/\/5ktur.com\/#website","url":"https:\/\/5ktur.com\/","name":"5K Tur","description":"5K Tur","potentialAction":[{"@type":"SearchAction","target":{"@type":"EntryPoint","urlTemplate":"https:\/\/5ktur.com\/?s={search_term_string}"},"query-input":{"@type":"PropertyValueSpecification","valueRequired":true,"valueName":"search_term_string"}}],"inLanguage":"en-US"}]}},"_links":{"self":[{"href":"https:\/\/5ktur.com\/en\/wp-json\/wp\/v2\/pages\/1705","targetHints":{"allow":["GET"]}}],"collection":[{"href":"https:\/\/5ktur.com\/en\/wp-json\/wp\/v2\/pages"}],"about":[{"href":"https:\/\/5ktur.com\/en\/wp-json\/wp\/v2\/types\/page"}],"author":[{"embeddable":true,"href":"https:\/\/5ktur.com\/en\/wp-json\/wp\/v2\/users\/1"}],"replies":[{"embeddable":true,"href":"https:\/\/5ktur.com\/en\/wp-json\/wp\/v2\/comments?post=1705"}],"version-history":[{"count":5,"href":"https:\/\/5ktur.com\/en\/wp-json\/wp\/v2\/pages\/1705\/revisions"}],"predecessor-version":[{"id":1750,"href":"https:\/\/5ktur.com\/en\/wp-json\/wp\/v2\/pages\/1705\/revisions\/1750"}],"wp:attachment":[{"href":"https:\/\/5ktur.com\/en\/wp-json\/wp\/v2\/media?parent=1705"}],"curies":[{"name":"wp","href":"https:\/\/api.w.org\/{rel}","templated":true}]}}